{"id":1408,"date":"2023-09-05T17:34:13","date_gmt":"2023-09-05T16:34:13","guid":{"rendered":"https:\/\/anavalquaresma.com\/curriculum\/"},"modified":"2026-04-17T16:58:37","modified_gmt":"2026-04-17T15:58:37","slug":"cv","status":"publish","type":"page","link":"https:\/\/anavalquaresma.com\/en\/cv\/","title":{"rendered":"CV"},"content":{"rendered":"<div class=\"wp-block-columns is-layout-flex wp-container-core-columns-is-layout-701c2d95 wp-block-columns-is-layout-flex\" style=\"padding-top:var(--wp--preset--spacing--80);padding-bottom:var(--wp--preset--spacing--80)\"><div class=\"wp-block-column is-layout-flow wp-block-column-is-layout-flow\"><figure class=\"wp-block-image alignleft size-full is-resized\"><img fetchpriority=\"high\" decoding=\"async\" width=\"668\" height=\"668\" src=\"https:\/\/anavalquaresma.com\/wp-content\/uploads\/2024\/09\/fotocurriculo2.png\" alt=\"\" class=\"wp-image-1931\" style=\"width:325px;height:auto\" srcset=\"https:\/\/anavalquaresma.com\/wp-content\/uploads\/2024\/09\/fotocurriculo2.png 668w, https:\/\/anavalquaresma.com\/wp-content\/uploads\/2024\/09\/fotocurriculo2-300x300.png 300w, https:\/\/anavalquaresma.com\/wp-content\/uploads\/2024\/09\/fotocurriculo2-150x150.png 150w, https:\/\/anavalquaresma.com\/wp-content\/uploads\/2024\/09\/fotocurriculo2-600x600.png 600w, https:\/\/anavalquaresma.com\/wp-content\/uploads\/2024\/09\/fotocurriculo2-100x100.png 100w\" sizes=\"(max-width: 668px) 100vw, 668px\" \/><\/figure><\/div>\n\n<div class=\"wp-block-column is-layout-flow wp-block-column-is-layout-flow\"><h2 class=\"wp-block-heading has-medium-font-size\" style=\"text-transform:uppercase\">ANA VALQUARESMA<br\/>VISUAL ARTIST<\/h2>\n\n<p>Date of birth: 14\/11\/1996<br\/>Nationality: Portuguese<\/p>\n\n<p><\/p><\/div>\n\n<div class=\"wp-block-column is-vertically-aligned-center is-layout-flow wp-block-column-is-layout-flow\"><div class=\"wp-block-buttons alignwide is-content-justification-right is-layout-flex wp-container-core-buttons-is-layout-d445cf74 wp-block-buttons-is-layout-flex\"><div class=\"wp-block-button is-style-outline is-style-outline--1\"><a class=\"wp-block-button__link has-text-align-right wp-element-button\" href=\"https:\/\/anavalquaresma.com\/en\/contacts\/\">CONTACT<\/a><\/div><\/div><\/div><\/div><figure class=\"wp-block-table is-style-regular\" style=\"padding-top:var(--wp--preset--spacing--50);padding-bottom:var(--wp--preset--spacing--50)\"><table style=\"border-style:none;border-width:0px\"><thead><tr><th>EDUCATION AND TRAINING<\/th><th><\/th><\/tr><\/thead><tbody><tr><td>2026<\/td><td>TransparencyChain Training Programme<br\/> Saber Fazer, Porto, PT<\/td><\/tr><tr><td>2025<\/td><td>Intensive Machine Knitting Introduction Course <br\/>Saber Fazer, Porto, PT<\/td><\/tr><tr><td>2025<\/td><td>Japanese Bookbinding \u2013 workshop<br\/>Saber Fazer, Porto, PT<\/td><\/tr><tr><td>2025<\/td><td>Mexican Backstrap Loom Masterclass<br\/>Saber Fazer, Porto, PT<\/td><\/tr><tr><td>2025<\/td><td>Introduction to Tapestry \u2013 workshop<br\/>Saber Fazer, Porto, PT<\/td><\/tr><tr><td>2025<\/td><td>Introduction to Needle Felting \u2013 workshop<br\/>Saber Fazer, Porto, PT<\/td><\/tr><tr><td>2024<\/td><td>Principles of Felting \u2013 workshop<br\/>Saber Fazer, Porto, PT<\/td><\/tr><tr><td>2024<\/td><td>Organic Indigo Dyeing Course \u2013 workshop<br\/>Saber Fazer, Porto, PT<\/td><\/tr><tr><td>2024<\/td><td>Professional Training in Wool Work, from Sheep to Yarn<br\/>Saber Fazer, Porto, PT<\/td><\/tr><tr><td>2024<\/td><td>Shaft loom weaving introduction course<br\/>Saber Fazer, Porto, PT<\/td><\/tr><tr><td>2019-2021<\/td><td>MA Student in Fine Arts, Drawing<br\/>Faculty of Fine Arts, University of Porto (FBAUP), PT<\/td><\/tr><tr><td>2014-2018<\/td><td>BA Student in Fine Arts, Sculpture<br\/>Faculty of Fine Arts, University of Porto (FBAUP), PT<\/td><\/tr><tr><td>2017<\/td><td>Professional Training in Mould-Blown Glass Production Techniques<br\/>Professional Training Centre for the Ceramics Industry (CENCAL), Marinha Grande, PT<\/td><\/tr><\/tbody><\/table><\/figure><figure style=\"padding-top:var(--wp--preset--spacing--50);padding-bottom:var(--wp--preset--spacing--50)\" class=\"wp-block-table\"><table style=\"border-style:none;border-width:0px\"><thead><tr><th>EXHIBITIONS<\/th><th><\/th><\/tr><\/thead><tbody><tr><td>2023<\/td><td>Vozes da Paisagem &#8211; Voces del Paisage &#8211; The Landscape Voices<br\/>Exhibition Pavilion, FBAUP, Porto, PT<\/td><\/tr><tr><td>2023<\/td><td>Vozes da Paisagem &#8211; Veus del Paisatge &#8211; Voces del Paisaje<br\/>Sala d&#8217;exposicions (3\u00aa planta), Arxiu del So i de la Imatge (ASIM), Centre Cultural la Miseric\u00f2rdia, Pla\u00e7a de l&#8217;Hospital, 4, Palma, ES<\/td><\/tr><tr><td>2023<\/td><td>Poste &#8211; video art<br\/>Rua do Bonjardim, 1176, Porto, PT<\/td><\/tr><tr><td>2022<\/td><td>Sobre terreno firme \u2013 O desenho como dispositivo agrimensor e pr\u00e1tica pluriforme <br\/> Solo exhibition \u2013 Lugar do Desenho, Funda\u00e7\u00e3o J\u00falio Resende, Gondomar, PT<\/td><\/tr><tr><td>2022<\/td><td>National Day of Historic Centres<br\/>Pal\u00e1cio das Artes, Largo S\u00e3o Domingos 21, Porto, PT<\/td><\/tr><tr><td>2021<\/td><td>Young Creators Exhibition \u2013 Funda\u00e7\u00e3o da Juventude <br\/>ISLA Gaia , R. Diogo Macedo , 192, Vila Nova de Gaia , PT<\/td><\/tr><tr><td>2021<\/td><td>Concurso Pr\u00e9mio \u00c1rvore das Virtudes<br\/>Cooperativa \u00c1rvore, Porto, PT<\/td><\/tr><tr><td>2021<\/td><td>Entremeios<br\/>oMuseu, Faculty of Fine Arts, University of Porto (FBAUP), PT<\/td><\/tr><tr><td>2019<\/td><td>Noroeste-Sudeste \u2013 New Perspectives in Drawing<br\/>Lugar do Desenho, Funda\u00e7\u00e3o J\u00falio Resende, Gondomar, PT<\/td><\/tr><tr><td>2019<\/td><td>Entre-Tanto<br\/>CACE Cultural, R. do Freixo, 1071, Porto, PT<\/td><\/tr><tr><td>2019<\/td><td>Opacidade e transpar\u00eancia \u2013 Drawing in context<br\/>Lugar do Desenho, Funda\u00e7\u00e3o J\u00falio Resende, Gondomar, PT<\/td><\/tr><tr><td>2018<\/td><td>Proje\u00e7\u00f5es<br\/>Lugar do Desenho, Funda\u00e7\u00e3o J\u00falio Resende, Gondomar, PT<\/td><\/tr><tr><td>2018<\/td><td>Ainda<br\/>oMuseu, Faculty of Fine Arts, University of Porto (Fbaup), PT<\/td><\/tr><tr><td>2018<\/td><td>Sin-cera<br\/>Galeria Rui Alberto, Porto, PT<\/td><\/tr><tr><td>2018<\/td><td>Hiato<br\/>F\u00f3rum da Maia, Maia, PT<\/td><\/tr><tr><td>2017<\/td><td>Tubo de ensaios<br\/>Faculty of Fine Arts, University of Porto (FBAUP), PT<\/td><\/tr><tr><td>2016<\/td><td>Imagens do Corpo Interior<br\/>Instituto de Ci\u00eancias Biom\u00e9dicas Abel Salazar (ICBAS), University of Porto, PT<\/td><\/tr><\/tbody><\/table><\/figure><figure style=\"padding-top:var(--wp--preset--spacing--50);padding-bottom:var(--wp--preset--spacing--50)\" class=\"wp-block-table\"><table style=\"border-style:none;border-width:0px\"><thead><tr><th>AWARDS AND DISTINCTIONS<\/th><th><\/th><\/tr><\/thead><tbody><tr><td>2019<\/td><td>Distinction \u2013 Certificate of Merit<br\/>Best average of the 1st Cycle Degree in Fine Arts, academic year 2017\/2018, Faculty of Fine Arts, University of Porto (FBAUP), PT<\/td><\/tr><tr><td>2016<\/td><td>Acquisition Prize Museu de Anatomia Prof. Nuno Grande<br\/>1st Prize, Instituto de Ci\u00eancias Biom\u00e9dicas Abel Salazar (ICBAS), University of Porto, PT<\/td><\/tr><tr><td>2016<br\/><br\/><br\/><br\/><\/td><td>U. Porto Incentive Prize<br\/>Best grade of the faculty in the first year of enrolment<br\/><br\/><br\/><\/td><\/tr><\/tbody><\/table><\/figure><figure style=\"padding-top:var(--wp--preset--spacing--50);padding-bottom:var(--wp--preset--spacing--50)\" class=\"wp-block-table\"><table style=\"border-style:none;border-width:0px\"><thead><tr><th>TEACHING<\/th><th><\/th><\/tr><\/thead><tbody><tr><td>2026<\/td><td>Introduction to Ceramics \u2013 workshop facilitation<br\/>Saber Fazer, Porto, PT<\/td><\/tr><tr><td>2025<\/td><td>Saber Fazer at Serralves \u2013 member of the team responsible for weaving experimentation<br\/>Festa de Outono \u2013 Parque de Serralves, Porto, PT <\/td><\/tr><tr><td>2023 &#8211; 2025<br\/><br\/><br\/><\/td><td>Drawing Lecturer \u2013 Invited Assistant, School of Architecture, Art and Design \u2013 University of Minho (MIARQ \u2013 EAAD), PT<br\/><br\/><br\/><\/td><\/tr><\/tbody><\/table><\/figure><p><\/p>","protected":false},"excerpt":{"rendered":"<p>ANA VALQUARESMAVISUAL ARTIST Date of birth: 14\/11\/1996Nationality: Portuguese EDUCATION AND TRAINING 2026 TransparencyChain Training Programme Saber Fazer, Porto, PT 2025 Intensive Machine Knitting Introduction Course Saber Fazer, Porto, PT 2025 Japanese Bookbinding \u2013 workshopSaber Fazer, Porto, PT 2025 Mexican Backstrap Loom MasterclassSaber Fazer, Porto, PT 2025 Introduction to Tapestry \u2013 workshopSaber Fazer, Porto, PT 2025 [&hellip;]<\/p>\n","protected":false},"author":1,"featured_media":0,"parent":0,"menu_order":0,"comment_status":"closed","ping_status":"closed","template":"","meta":{"_acf_changed":false,"footnotes":""},"class_list":["post-1408","page","type-page","status-publish","hentry"],"blocksy_meta":{"content_style_source":"inherit"},"acf":[],"yoast_head":"<!-- This site is optimized with the Yoast SEO plugin v24.7 - https:\/\/yoast.com\/wordpress\/plugins\/seo\/ -->\n<title>CV - Ana Valquaresma<\/title>\n<meta name=\"robots\" content=\"index, follow, max-snippet:-1, max-image-preview:large, max-video-preview:-1\" \/>\n<link rel=\"canonical\" href=\"https:\/\/anavalquaresma.com\/en\/cv\/\" \/>\n<meta property=\"og:locale\" content=\"en_US\" \/>\n<meta property=\"og:type\" content=\"article\" \/>\n<meta property=\"og:title\" content=\"CV - Ana Valquaresma\" \/>\n<meta property=\"og:description\" content=\"ANA VALQUARESMAVISUAL ARTIST Date of birth: 14\/11\/1996Nationality: Portuguese EDUCATION AND TRAINING 2026 TransparencyChain Training Programme Saber Fazer, Porto, PT 2025 Intensive Machine Knitting Introduction Course Saber Fazer, Porto, PT 2025 Japanese Bookbinding \u2013 workshopSaber Fazer, Porto, PT 2025 Mexican Backstrap Loom MasterclassSaber Fazer, Porto, PT 2025 Introduction to Tapestry \u2013 workshopSaber Fazer, Porto, PT 2025 [&hellip;]\" \/>\n<meta property=\"og:url\" content=\"https:\/\/anavalquaresma.com\/en\/cv\/\" \/>\n<meta property=\"og:site_name\" content=\"Ana Valquaresma\" \/>\n<meta property=\"article:publisher\" content=\"https:\/\/www.facebook.com\/ana.cristina.valquaresma?locale=pt_PT\" \/>\n<meta property=\"article:modified_time\" content=\"2026-04-17T15:58:37+00:00\" \/>\n<meta property=\"og:image\" content=\"https:\/\/anavalquaresma.com\/wp-content\/uploads\/2024\/09\/fotocurriculo2.png\" \/>\n\t<meta property=\"og:image:width\" content=\"668\" \/>\n\t<meta property=\"og:image:height\" content=\"668\" \/>\n\t<meta property=\"og:image:type\" content=\"image\/png\" \/>\n<meta name=\"twitter:card\" content=\"summary_large_image\" \/>\n<meta name=\"twitter:label1\" content=\"Est. reading time\" \/>\n\t<meta name=\"twitter:data1\" content=\"3 minutes\" \/>\n<script type=\"application\/ld+json\" class=\"yoast-schema-graph\">{\"@context\":\"https:\/\/schema.org\",\"@graph\":[{\"@type\":\"WebPage\",\"@id\":\"https:\/\/anavalquaresma.com\/en\/cv\/\",\"url\":\"https:\/\/anavalquaresma.com\/en\/cv\/\",\"name\":\"CV - Ana Valquaresma\",\"isPartOf\":{\"@id\":\"https:\/\/anavalquaresma.com\/en\/#website\"},\"primaryImageOfPage\":{\"@id\":\"https:\/\/anavalquaresma.com\/en\/cv\/#primaryimage\"},\"image\":{\"@id\":\"https:\/\/anavalquaresma.com\/en\/cv\/#primaryimage\"},\"thumbnailUrl\":\"https:\/\/anavalquaresma.com\/wp-content\/uploads\/2024\/09\/fotocurriculo2.png\",\"datePublished\":\"2023-09-05T16:34:13+00:00\",\"dateModified\":\"2026-04-17T15:58:37+00:00\",\"breadcrumb\":{\"@id\":\"https:\/\/anavalquaresma.com\/en\/cv\/#breadcrumb\"},\"inLanguage\":\"en-US\",\"potentialAction\":[{\"@type\":\"ReadAction\",\"target\":[\"https:\/\/anavalquaresma.com\/en\/cv\/\"]}]},{\"@type\":\"ImageObject\",\"inLanguage\":\"en-US\",\"@id\":\"https:\/\/anavalquaresma.com\/en\/cv\/#primaryimage\",\"url\":\"https:\/\/anavalquaresma.com\/wp-content\/uploads\/2024\/09\/fotocurriculo2.png\",\"contentUrl\":\"https:\/\/anavalquaresma.com\/wp-content\/uploads\/2024\/09\/fotocurriculo2.png\"},{\"@type\":\"BreadcrumbList\",\"@id\":\"https:\/\/anavalquaresma.com\/en\/cv\/#breadcrumb\",\"itemListElement\":[{\"@type\":\"ListItem\",\"position\":1,\"name\":\"In\u00edcio\",\"item\":\"https:\/\/anavalquaresma.com\/en\/\"},{\"@type\":\"ListItem\",\"position\":2,\"name\":\"CV\"}]},{\"@type\":\"WebSite\",\"@id\":\"https:\/\/anavalquaresma.com\/en\/#website\",\"url\":\"https:\/\/anavalquaresma.com\/en\/\",\"name\":\"Ana Valquaresma\",\"description\":\"\",\"publisher\":{\"@id\":\"https:\/\/anavalquaresma.com\/en\/#\/schema\/person\/06bdaa789d09d17b3daa2414d9b41ed0\"},\"potentialAction\":[{\"@type\":\"SearchAction\",\"target\":{\"@type\":\"EntryPoint\",\"urlTemplate\":\"https:\/\/anavalquaresma.com\/en\/?s={search_term_string}\"},\"query-input\":{\"@type\":\"PropertyValueSpecification\",\"valueRequired\":true,\"valueName\":\"search_term_string\"}}],\"inLanguage\":\"en-US\"},{\"@type\":[\"Person\",\"Organization\"],\"@id\":\"https:\/\/anavalquaresma.com\/en\/#\/schema\/person\/06bdaa789d09d17b3daa2414d9b41ed0\",\"name\":\"Ana Valquaresma\",\"image\":{\"@type\":\"ImageObject\",\"inLanguage\":\"en-US\",\"@id\":\"https:\/\/anavalquaresma.com\/en\/#\/schema\/person\/image\/\",\"url\":\"https:\/\/anavalquaresma.com\/wp-content\/uploads\/2023\/09\/valquaresma-logo-black.png\",\"contentUrl\":\"https:\/\/anavalquaresma.com\/wp-content\/uploads\/2023\/09\/valquaresma-logo-black.png\",\"width\":149,\"height\":50,\"caption\":\"Ana Valquaresma\"},\"logo\":{\"@id\":\"https:\/\/anavalquaresma.com\/en\/#\/schema\/person\/image\/\"},\"sameAs\":[\"https:\/\/www.facebook.com\/ana.cristina.valquaresma?locale=pt_PT\",\"https:\/\/www.instagram.com\/ana.cristina.valquaresma\/\"]}]}<\/script>\n<!-- \/ Yoast SEO plugin. -->","yoast_head_json":{"title":"CV - Ana Valquaresma","robots":{"index":"index","follow":"follow","max-snippet":"max-snippet:-1","max-image-preview":"max-image-preview:large","max-video-preview":"max-video-preview:-1"},"canonical":"https:\/\/anavalquaresma.com\/en\/cv\/","og_locale":"en_US","og_type":"article","og_title":"CV - Ana Valquaresma","og_description":"ANA VALQUARESMAVISUAL ARTIST Date of birth: 14\/11\/1996Nationality: Portuguese EDUCATION AND TRAINING 2026 TransparencyChain Training Programme Saber Fazer, Porto, PT 2025 Intensive Machine Knitting Introduction Course Saber Fazer, Porto, PT 2025 Japanese Bookbinding \u2013 workshopSaber Fazer, Porto, PT 2025 Mexican Backstrap Loom MasterclassSaber Fazer, Porto, PT 2025 Introduction to Tapestry \u2013 workshopSaber Fazer, Porto, PT 2025 [&hellip;]","og_url":"https:\/\/anavalquaresma.com\/en\/cv\/","og_site_name":"Ana Valquaresma","article_publisher":"https:\/\/www.facebook.com\/ana.cristina.valquaresma?locale=pt_PT","article_modified_time":"2026-04-17T15:58:37+00:00","og_image":[{"width":668,"height":668,"url":"https:\/\/anavalquaresma.com\/wp-content\/uploads\/2024\/09\/fotocurriculo2.png","type":"image\/png"}],"twitter_card":"summary_large_image","twitter_misc":{"Est. reading time":"3 minutes"},"schema":{"@context":"https:\/\/schema.org","@graph":[{"@type":"WebPage","@id":"https:\/\/anavalquaresma.com\/en\/cv\/","url":"https:\/\/anavalquaresma.com\/en\/cv\/","name":"CV - Ana Valquaresma","isPartOf":{"@id":"https:\/\/anavalquaresma.com\/en\/#website"},"primaryImageOfPage":{"@id":"https:\/\/anavalquaresma.com\/en\/cv\/#primaryimage"},"image":{"@id":"https:\/\/anavalquaresma.com\/en\/cv\/#primaryimage"},"thumbnailUrl":"https:\/\/anavalquaresma.com\/wp-content\/uploads\/2024\/09\/fotocurriculo2.png","datePublished":"2023-09-05T16:34:13+00:00","dateModified":"2026-04-17T15:58:37+00:00","breadcrumb":{"@id":"https:\/\/anavalquaresma.com\/en\/cv\/#breadcrumb"},"inLanguage":"en-US","potentialAction":[{"@type":"ReadAction","target":["https:\/\/anavalquaresma.com\/en\/cv\/"]}]},{"@type":"ImageObject","inLanguage":"en-US","@id":"https:\/\/anavalquaresma.com\/en\/cv\/#primaryimage","url":"https:\/\/anavalquaresma.com\/wp-content\/uploads\/2024\/09\/fotocurriculo2.png","contentUrl":"https:\/\/anavalquaresma.com\/wp-content\/uploads\/2024\/09\/fotocurriculo2.png"},{"@type":"BreadcrumbList","@id":"https:\/\/anavalquaresma.com\/en\/cv\/#breadcrumb","itemListElement":[{"@type":"ListItem","position":1,"name":"In\u00edcio","item":"https:\/\/anavalquaresma.com\/en\/"},{"@type":"ListItem","position":2,"name":"CV"}]},{"@type":"WebSite","@id":"https:\/\/anavalquaresma.com\/en\/#website","url":"https:\/\/anavalquaresma.com\/en\/","name":"Ana Valquaresma","description":"","publisher":{"@id":"https:\/\/anavalquaresma.com\/en\/#\/schema\/person\/06bdaa789d09d17b3daa2414d9b41ed0"},"potentialAction":[{"@type":"SearchAction","target":{"@type":"EntryPoint","urlTemplate":"https:\/\/anavalquaresma.com\/en\/?s={search_term_string}"},"query-input":{"@type":"PropertyValueSpecification","valueRequired":true,"valueName":"search_term_string"}}],"inLanguage":"en-US"},{"@type":["Person","Organization"],"@id":"https:\/\/anavalquaresma.com\/en\/#\/schema\/person\/06bdaa789d09d17b3daa2414d9b41ed0","name":"Ana Valquaresma","image":{"@type":"ImageObject","inLanguage":"en-US","@id":"https:\/\/anavalquaresma.com\/en\/#\/schema\/person\/image\/","url":"https:\/\/anavalquaresma.com\/wp-content\/uploads\/2023\/09\/valquaresma-logo-black.png","contentUrl":"https:\/\/anavalquaresma.com\/wp-content\/uploads\/2023\/09\/valquaresma-logo-black.png","width":149,"height":50,"caption":"Ana Valquaresma"},"logo":{"@id":"https:\/\/anavalquaresma.com\/en\/#\/schema\/person\/image\/"},"sameAs":["https:\/\/www.facebook.com\/ana.cristina.valquaresma?locale=pt_PT","https:\/\/www.instagram.com\/ana.cristina.valquaresma\/"]}]}},"_links":{"self":[{"href":"https:\/\/anavalquaresma.com\/en\/wp-json\/wp\/v2\/pages\/1408","targetHints":{"allow":["GET"]}}],"collection":[{"href":"https:\/\/anavalquaresma.com\/en\/wp-json\/wp\/v2\/pages"}],"about":[{"href":"https:\/\/anavalquaresma.com\/en\/wp-json\/wp\/v2\/types\/page"}],"author":[{"embeddable":true,"href":"https:\/\/anavalquaresma.com\/en\/wp-json\/wp\/v2\/users\/1"}],"replies":[{"embeddable":true,"href":"https:\/\/anavalquaresma.com\/en\/wp-json\/wp\/v2\/comments?post=1408"}],"version-history":[{"count":3,"href":"https:\/\/anavalquaresma.com\/en\/wp-json\/wp\/v2\/pages\/1408\/revisions"}],"predecessor-version":[{"id":2175,"href":"https:\/\/anavalquaresma.com\/en\/wp-json\/wp\/v2\/pages\/1408\/revisions\/2175"}],"wp:attachment":[{"href":"https:\/\/anavalquaresma.com\/en\/wp-json\/wp\/v2\/media?parent=1408"}],"curies":[{"name":"wp","href":"https:\/\/api.w.org\/{rel}","templated":true}]}}