{"id":2060,"date":"2024-03-28T10:20:49","date_gmt":"2024-03-28T10:20:49","guid":{"rendered":"https:\/\/anavalquaresma.com\/produto\/house\/"},"modified":"2024-03-28T10:20:49","modified_gmt":"2024-03-28T10:20:49","slug":"house","status":"publish","type":"product","link":"https:\/\/anavalquaresma.com\/en\/product\/house\/","title":{"rendered":"House"},"content":{"rendered":"<p>Constru\u00e7\u00e3o livre de uma casa em miniatura com reaproveitamento de restos de materiais.<\/p>\n<p>Materiais: cart\u00e3o, papel, balsa, policarbonato, k-line, alfinetes, cola de madeira, tinta acr\u00edlica e tinta da china.<\/p>\n<p>Dimens\u00f5es: 450 x 250 x 420 mm.<\/p>\n","protected":false},"excerpt":{"rendered":"<p>Constru\u00e7\u00e3o livre de uma casa em miniatura com reaproveitamento de restos de materiais.<\/p>\n<p>Materiais: cart\u00e3o, papel, balsa, policarbonato, k-line, alfinetes, cola de madeira, tinta acr\u00edlica e tinta da china.<\/p>\n<p>Dimens\u00f5es: 450 x 250 x 420 mm.<\/p>\n","protected":false},"featured_media":1254,"template":"","meta":{"_acf_changed":false},"product_cat":[52],"product_tag":[],"class_list":{"0":"post-2060","1":"product","2":"type-product","3":"status-publish","4":"has-post-thumbnail","6":"product_cat-sculpture","8":"first","9":"instock","10":"shipping-taxable","11":"purchasable","12":"product-type-simple"},"acf":[],"yoast_head":"<!-- This site is optimized with the Yoast SEO plugin v24.7 - https:\/\/yoast.com\/wordpress\/plugins\/seo\/ -->\n<title>House - Ana Valquaresma<\/title>\n<meta name=\"robots\" content=\"index, follow, max-snippet:-1, max-image-preview:large, max-video-preview:-1\" \/>\n<link rel=\"canonical\" href=\"https:\/\/anavalquaresma.com\/en\/product\/house\/\" \/>\n<meta property=\"og:locale\" content=\"en_US\" \/>\n<meta property=\"og:type\" content=\"article\" \/>\n<meta property=\"og:title\" content=\"House - Ana Valquaresma\" \/>\n<meta property=\"og:description\" content=\"Constru\u00e7\u00e3o livre de uma casa em miniatura com reaproveitamento de restos de materiais. Materiais: cart\u00e3o, papel, balsa, policarbonato, k-line, alfinetes, cola de madeira, tinta acr\u00edlica e tinta da china. Dimens\u00f5es: 450 x 250 x 420 mm.\" \/>\n<meta property=\"og:url\" content=\"https:\/\/anavalquaresma.com\/en\/product\/house\/\" \/>\n<meta property=\"og:site_name\" content=\"Ana Valquaresma\" \/>\n<meta property=\"article:publisher\" content=\"https:\/\/www.facebook.com\/ana.cristina.valquaresma?locale=pt_PT\" \/>\n<meta property=\"og:image\" content=\"https:\/\/anavalquaresma.com\/wp-content\/uploads\/2024\/03\/1-destaque-casa.jpg\" \/>\n\t<meta property=\"og:image:width\" content=\"900\" \/>\n\t<meta property=\"og:image:height\" content=\"1200\" \/>\n\t<meta property=\"og:image:type\" content=\"image\/jpeg\" \/>\n<meta name=\"twitter:card\" content=\"summary_large_image\" \/>\n<script type=\"application\/ld+json\" class=\"yoast-schema-graph\">{\"@context\":\"https:\/\/schema.org\",\"@graph\":[{\"@type\":\"WebPage\",\"@id\":\"https:\/\/anavalquaresma.com\/en\/product\/house\/\",\"url\":\"https:\/\/anavalquaresma.com\/en\/product\/house\/\",\"name\":\"House - Ana Valquaresma\",\"isPartOf\":{\"@id\":\"https:\/\/anavalquaresma.com\/en\/#website\"},\"primaryImageOfPage\":{\"@id\":\"https:\/\/anavalquaresma.com\/en\/product\/house\/#primaryimage\"},\"image\":{\"@id\":\"https:\/\/anavalquaresma.com\/en\/product\/house\/#primaryimage\"},\"thumbnailUrl\":\"https:\/\/anavalquaresma.com\/wp-content\/uploads\/2024\/03\/1-destaque-casa.jpg\",\"datePublished\":\"2024-03-28T10:20:49+00:00\",\"breadcrumb\":{\"@id\":\"https:\/\/anavalquaresma.com\/en\/product\/house\/#breadcrumb\"},\"inLanguage\":\"en-US\",\"potentialAction\":[{\"@type\":\"ReadAction\",\"target\":[\"https:\/\/anavalquaresma.com\/en\/product\/house\/\"]}]},{\"@type\":\"ImageObject\",\"inLanguage\":\"en-US\",\"@id\":\"https:\/\/anavalquaresma.com\/en\/product\/house\/#primaryimage\",\"url\":\"https:\/\/anavalquaresma.com\/wp-content\/uploads\/2024\/03\/1-destaque-casa.jpg\",\"contentUrl\":\"https:\/\/anavalquaresma.com\/wp-content\/uploads\/2024\/03\/1-destaque-casa.jpg\",\"width\":900,\"height\":1200},{\"@type\":\"BreadcrumbList\",\"@id\":\"https:\/\/anavalquaresma.com\/en\/product\/house\/#breadcrumb\",\"itemListElement\":[{\"@type\":\"ListItem\",\"position\":1,\"name\":\"In\u00edcio\",\"item\":\"https:\/\/anavalquaresma.com\/en\/\"},{\"@type\":\"ListItem\",\"position\":2,\"name\":\"Products\",\"item\":\"https:\/\/anavalquaresma.com\/en\/shop\/\"},{\"@type\":\"ListItem\",\"position\":3,\"name\":\"House\"}]},{\"@type\":\"WebSite\",\"@id\":\"https:\/\/anavalquaresma.com\/en\/#website\",\"url\":\"https:\/\/anavalquaresma.com\/en\/\",\"name\":\"Ana Valquaresma\",\"description\":\"\",\"publisher\":{\"@id\":\"https:\/\/anavalquaresma.com\/en\/#\/schema\/person\/06bdaa789d09d17b3daa2414d9b41ed0\"},\"potentialAction\":[{\"@type\":\"SearchAction\",\"target\":{\"@type\":\"EntryPoint\",\"urlTemplate\":\"https:\/\/anavalquaresma.com\/en\/?s={search_term_string}\"},\"query-input\":{\"@type\":\"PropertyValueSpecification\",\"valueRequired\":true,\"valueName\":\"search_term_string\"}}],\"inLanguage\":\"en-US\"},{\"@type\":[\"Person\",\"Organization\"],\"@id\":\"https:\/\/anavalquaresma.com\/en\/#\/schema\/person\/06bdaa789d09d17b3daa2414d9b41ed0\",\"name\":\"Ana Valquaresma\",\"image\":{\"@type\":\"ImageObject\",\"inLanguage\":\"en-US\",\"@id\":\"https:\/\/anavalquaresma.com\/en\/#\/schema\/person\/image\/\",\"url\":\"https:\/\/anavalquaresma.com\/wp-content\/uploads\/2023\/09\/valquaresma-logo-black.png\",\"contentUrl\":\"https:\/\/anavalquaresma.com\/wp-content\/uploads\/2023\/09\/valquaresma-logo-black.png\",\"width\":149,\"height\":50,\"caption\":\"Ana Valquaresma\"},\"logo\":{\"@id\":\"https:\/\/anavalquaresma.com\/en\/#\/schema\/person\/image\/\"},\"sameAs\":[\"https:\/\/www.facebook.com\/ana.cristina.valquaresma?locale=pt_PT\",\"https:\/\/www.instagram.com\/ana.cristina.valquaresma\/\"]}]}<\/script>\n<!-- \/ Yoast SEO plugin. -->","yoast_head_json":{"title":"House - Ana Valquaresma","robots":{"index":"index","follow":"follow","max-snippet":"max-snippet:-1","max-image-preview":"max-image-preview:large","max-video-preview":"max-video-preview:-1"},"canonical":"https:\/\/anavalquaresma.com\/en\/product\/house\/","og_locale":"en_US","og_type":"article","og_title":"House - Ana Valquaresma","og_description":"Constru\u00e7\u00e3o livre de uma casa em miniatura com reaproveitamento de restos de materiais. Materiais: cart\u00e3o, papel, balsa, policarbonato, k-line, alfinetes, cola de madeira, tinta acr\u00edlica e tinta da china. Dimens\u00f5es: 450 x 250 x 420 mm.","og_url":"https:\/\/anavalquaresma.com\/en\/product\/house\/","og_site_name":"Ana Valquaresma","article_publisher":"https:\/\/www.facebook.com\/ana.cristina.valquaresma?locale=pt_PT","og_image":[{"width":900,"height":1200,"url":"https:\/\/anavalquaresma.com\/wp-content\/uploads\/2024\/03\/1-destaque-casa.jpg","type":"image\/jpeg"}],"twitter_card":"summary_large_image","schema":{"@context":"https:\/\/schema.org","@graph":[{"@type":"WebPage","@id":"https:\/\/anavalquaresma.com\/en\/product\/house\/","url":"https:\/\/anavalquaresma.com\/en\/product\/house\/","name":"House - Ana Valquaresma","isPartOf":{"@id":"https:\/\/anavalquaresma.com\/en\/#website"},"primaryImageOfPage":{"@id":"https:\/\/anavalquaresma.com\/en\/product\/house\/#primaryimage"},"image":{"@id":"https:\/\/anavalquaresma.com\/en\/product\/house\/#primaryimage"},"thumbnailUrl":"https:\/\/anavalquaresma.com\/wp-content\/uploads\/2024\/03\/1-destaque-casa.jpg","datePublished":"2024-03-28T10:20:49+00:00","breadcrumb":{"@id":"https:\/\/anavalquaresma.com\/en\/product\/house\/#breadcrumb"},"inLanguage":"en-US","potentialAction":[{"@type":"ReadAction","target":["https:\/\/anavalquaresma.com\/en\/product\/house\/"]}]},{"@type":"ImageObject","inLanguage":"en-US","@id":"https:\/\/anavalquaresma.com\/en\/product\/house\/#primaryimage","url":"https:\/\/anavalquaresma.com\/wp-content\/uploads\/2024\/03\/1-destaque-casa.jpg","contentUrl":"https:\/\/anavalquaresma.com\/wp-content\/uploads\/2024\/03\/1-destaque-casa.jpg","width":900,"height":1200},{"@type":"BreadcrumbList","@id":"https:\/\/anavalquaresma.com\/en\/product\/house\/#breadcrumb","itemListElement":[{"@type":"ListItem","position":1,"name":"In\u00edcio","item":"https:\/\/anavalquaresma.com\/en\/"},{"@type":"ListItem","position":2,"name":"Products","item":"https:\/\/anavalquaresma.com\/en\/shop\/"},{"@type":"ListItem","position":3,"name":"House"}]},{"@type":"WebSite","@id":"https:\/\/anavalquaresma.com\/en\/#website","url":"https:\/\/anavalquaresma.com\/en\/","name":"Ana Valquaresma","description":"","publisher":{"@id":"https:\/\/anavalquaresma.com\/en\/#\/schema\/person\/06bdaa789d09d17b3daa2414d9b41ed0"},"potentialAction":[{"@type":"SearchAction","target":{"@type":"EntryPoint","urlTemplate":"https:\/\/anavalquaresma.com\/en\/?s={search_term_string}"},"query-input":{"@type":"PropertyValueSpecification","valueRequired":true,"valueName":"search_term_string"}}],"inLanguage":"en-US"},{"@type":["Person","Organization"],"@id":"https:\/\/anavalquaresma.com\/en\/#\/schema\/person\/06bdaa789d09d17b3daa2414d9b41ed0","name":"Ana Valquaresma","image":{"@type":"ImageObject","inLanguage":"en-US","@id":"https:\/\/anavalquaresma.com\/en\/#\/schema\/person\/image\/","url":"https:\/\/anavalquaresma.com\/wp-content\/uploads\/2023\/09\/valquaresma-logo-black.png","contentUrl":"https:\/\/anavalquaresma.com\/wp-content\/uploads\/2023\/09\/valquaresma-logo-black.png","width":149,"height":50,"caption":"Ana Valquaresma"},"logo":{"@id":"https:\/\/anavalquaresma.com\/en\/#\/schema\/person\/image\/"},"sameAs":["https:\/\/www.facebook.com\/ana.cristina.valquaresma?locale=pt_PT","https:\/\/www.instagram.com\/ana.cristina.valquaresma\/"]}]}},"_links":{"self":[{"href":"https:\/\/anavalquaresma.com\/en\/wp-json\/wp\/v2\/product\/2060","targetHints":{"allow":["GET"]}}],"collection":[{"href":"https:\/\/anavalquaresma.com\/en\/wp-json\/wp\/v2\/product"}],"about":[{"href":"https:\/\/anavalquaresma.com\/en\/wp-json\/wp\/v2\/types\/product"}],"wp:featuredmedia":[{"embeddable":true,"href":"https:\/\/anavalquaresma.com\/en\/wp-json\/wp\/v2\/media\/1254"}],"wp:attachment":[{"href":"https:\/\/anavalquaresma.com\/en\/wp-json\/wp\/v2\/media?parent=2060"}],"wp:term":[{"taxonomy":"product_cat","embeddable":true,"href":"https:\/\/anavalquaresma.com\/en\/wp-json\/wp\/v2\/product_cat?post=2060"},{"taxonomy":"product_tag","embeddable":true,"href":"https:\/\/anavalquaresma.com\/en\/wp-json\/wp\/v2\/product_tag?post=2060"}],"curies":[{"name":"wp","href":"https:\/\/api.w.org\/{rel}","templated":true}]}}