{"id":692,"date":"2024-03-28T10:14:37","date_gmt":"2024-03-28T10:14:37","guid":{"rendered":"https:\/\/anavalquaresma.com\/?post_type=product&#038;p=692"},"modified":"2024-05-09T10:43:40","modified_gmt":"2024-05-09T09:43:40","slug":"cobertor-com-pompons","status":"publish","type":"product","link":"https:\/\/anavalquaresma.com\/en\/produto\/cobertor-com-pompons\/","title":{"rendered":"Cobertor com pompons"},"content":{"rendered":"<p>Cobertor para rec\u00e9m-nascido.<\/p>\n<p>Materiais: teia de algod\u00e3o e trama de l\u00e3 (amarelo torrado, verde musgo, cor-de-rosa beb\u00e9 e cor-de-rosa velho).<\/p>\n<p>Dimens\u00f5es: 700 x 600 mm, aproximadamente<\/p>\n","protected":false},"excerpt":{"rendered":"<p>Cobertor para rec\u00e9m-nascido.<\/p>\n<p>Materiais: teia de algod\u00e3o e trama de l\u00e3 (amarelo torrado, verde musgo, cor-de-rosa beb\u00e9 e cor-de-rosa velho).<\/p>\n<p>Dimens\u00f5es: 700 x 600 mm, aproximadamente<\/p>\n","protected":false},"featured_media":1265,"template":"","meta":{"_acf_changed":false},"product_cat":[33],"product_tag":[],"class_list":{"0":"post-692","1":"product","2":"type-product","3":"status-publish","4":"has-post-thumbnail","6":"product_cat-textil","8":"first","9":"instock","10":"shipping-taxable","11":"purchasable","12":"product-type-simple"},"acf":[],"yoast_head":"<!-- This site is optimized with the Yoast SEO plugin v24.7 - https:\/\/yoast.com\/wordpress\/plugins\/seo\/ -->\n<title>Cobertor com pompons - Ana Valquaresma<\/title>\n<meta name=\"robots\" content=\"index, follow, max-snippet:-1, max-image-preview:large, max-video-preview:-1\" \/>\n<link rel=\"canonical\" href=\"https:\/\/anavalquaresma.com\/en\/produto\/cobertor-com-pompons\/\" \/>\n<meta property=\"og:locale\" content=\"en_US\" \/>\n<meta property=\"og:type\" content=\"article\" \/>\n<meta property=\"og:title\" content=\"Cobertor com pompons - Ana Valquaresma\" \/>\n<meta property=\"og:description\" content=\"Cobertor para rec\u00e9m-nascido.  Materiais: teia de algod\u00e3o e trama de l\u00e3 (amarelo torrado, verde musgo, cor-de-rosa beb\u00e9 e cor-de-rosa velho).  Dimens\u00f5es: 700 x 600 mm, aproximadamente\" \/>\n<meta property=\"og:url\" content=\"https:\/\/anavalquaresma.com\/en\/produto\/cobertor-com-pompons\/\" \/>\n<meta property=\"og:site_name\" content=\"Ana Valquaresma\" \/>\n<meta property=\"article:publisher\" content=\"https:\/\/www.facebook.com\/ana.cristina.valquaresma?locale=pt_PT\" \/>\n<meta property=\"article:modified_time\" content=\"2024-05-09T09:43:40+00:00\" \/>\n<meta property=\"og:image\" content=\"https:\/\/anavalquaresma.com\/wp-content\/uploads\/2024\/03\/1-destaque-cobertor-com-pompons.jpg\" \/>\n\t<meta property=\"og:image:width\" content=\"1200\" \/>\n\t<meta property=\"og:image:height\" content=\"900\" \/>\n\t<meta property=\"og:image:type\" content=\"image\/jpeg\" \/>\n<meta name=\"twitter:card\" content=\"summary_large_image\" \/>\n<script type=\"application\/ld+json\" class=\"yoast-schema-graph\">{\"@context\":\"https:\/\/schema.org\",\"@graph\":[{\"@type\":\"WebPage\",\"@id\":\"https:\/\/anavalquaresma.com\/en\/produto\/cobertor-com-pompons\/\",\"url\":\"https:\/\/anavalquaresma.com\/en\/produto\/cobertor-com-pompons\/\",\"name\":\"Cobertor com pompons - Ana Valquaresma\",\"isPartOf\":{\"@id\":\"https:\/\/anavalquaresma.com\/en\/#website\"},\"primaryImageOfPage\":{\"@id\":\"https:\/\/anavalquaresma.com\/en\/produto\/cobertor-com-pompons\/#primaryimage\"},\"image\":{\"@id\":\"https:\/\/anavalquaresma.com\/en\/produto\/cobertor-com-pompons\/#primaryimage\"},\"thumbnailUrl\":\"https:\/\/anavalquaresma.com\/wp-content\/uploads\/2024\/03\/1-destaque-cobertor-com-pompons.jpg\",\"datePublished\":\"2024-03-28T10:14:37+00:00\",\"dateModified\":\"2024-05-09T09:43:40+00:00\",\"breadcrumb\":{\"@id\":\"https:\/\/anavalquaresma.com\/en\/produto\/cobertor-com-pompons\/#breadcrumb\"},\"inLanguage\":\"en-US\",\"potentialAction\":[{\"@type\":\"ReadAction\",\"target\":[\"https:\/\/anavalquaresma.com\/en\/produto\/cobertor-com-pompons\/\"]}]},{\"@type\":\"ImageObject\",\"inLanguage\":\"en-US\",\"@id\":\"https:\/\/anavalquaresma.com\/en\/produto\/cobertor-com-pompons\/#primaryimage\",\"url\":\"https:\/\/anavalquaresma.com\/wp-content\/uploads\/2024\/03\/1-destaque-cobertor-com-pompons.jpg\",\"contentUrl\":\"https:\/\/anavalquaresma.com\/wp-content\/uploads\/2024\/03\/1-destaque-cobertor-com-pompons.jpg\",\"width\":1200,\"height\":900},{\"@type\":\"BreadcrumbList\",\"@id\":\"https:\/\/anavalquaresma.com\/en\/produto\/cobertor-com-pompons\/#breadcrumb\",\"itemListElement\":[{\"@type\":\"ListItem\",\"position\":1,\"name\":\"In\u00edcio\",\"item\":\"https:\/\/anavalquaresma.com\/en\/\"},{\"@type\":\"ListItem\",\"position\":2,\"name\":\"Products\",\"item\":\"https:\/\/anavalquaresma.com\/en\/shop\/\"},{\"@type\":\"ListItem\",\"position\":3,\"name\":\"Cobertor com pompons\"}]},{\"@type\":\"WebSite\",\"@id\":\"https:\/\/anavalquaresma.com\/en\/#website\",\"url\":\"https:\/\/anavalquaresma.com\/en\/\",\"name\":\"Ana Valquaresma\",\"description\":\"\",\"publisher\":{\"@id\":\"https:\/\/anavalquaresma.com\/en\/#\/schema\/person\/06bdaa789d09d17b3daa2414d9b41ed0\"},\"potentialAction\":[{\"@type\":\"SearchAction\",\"target\":{\"@type\":\"EntryPoint\",\"urlTemplate\":\"https:\/\/anavalquaresma.com\/en\/?s={search_term_string}\"},\"query-input\":{\"@type\":\"PropertyValueSpecification\",\"valueRequired\":true,\"valueName\":\"search_term_string\"}}],\"inLanguage\":\"en-US\"},{\"@type\":[\"Person\",\"Organization\"],\"@id\":\"https:\/\/anavalquaresma.com\/en\/#\/schema\/person\/06bdaa789d09d17b3daa2414d9b41ed0\",\"name\":\"Ana Valquaresma\",\"image\":{\"@type\":\"ImageObject\",\"inLanguage\":\"en-US\",\"@id\":\"https:\/\/anavalquaresma.com\/en\/#\/schema\/person\/image\/\",\"url\":\"https:\/\/anavalquaresma.com\/wp-content\/uploads\/2023\/09\/valquaresma-logo-black.png\",\"contentUrl\":\"https:\/\/anavalquaresma.com\/wp-content\/uploads\/2023\/09\/valquaresma-logo-black.png\",\"width\":149,\"height\":50,\"caption\":\"Ana Valquaresma\"},\"logo\":{\"@id\":\"https:\/\/anavalquaresma.com\/en\/#\/schema\/person\/image\/\"},\"sameAs\":[\"https:\/\/www.facebook.com\/ana.cristina.valquaresma?locale=pt_PT\",\"https:\/\/www.instagram.com\/ana.cristina.valquaresma\/\"]}]}<\/script>\n<!-- \/ Yoast SEO plugin. -->","yoast_head_json":{"title":"Cobertor com pompons - Ana Valquaresma","robots":{"index":"index","follow":"follow","max-snippet":"max-snippet:-1","max-image-preview":"max-image-preview:large","max-video-preview":"max-video-preview:-1"},"canonical":"https:\/\/anavalquaresma.com\/en\/produto\/cobertor-com-pompons\/","og_locale":"en_US","og_type":"article","og_title":"Cobertor com pompons - Ana Valquaresma","og_description":"Cobertor para rec\u00e9m-nascido.  Materiais: teia de algod\u00e3o e trama de l\u00e3 (amarelo torrado, verde musgo, cor-de-rosa beb\u00e9 e cor-de-rosa velho).  Dimens\u00f5es: 700 x 600 mm, aproximadamente","og_url":"https:\/\/anavalquaresma.com\/en\/produto\/cobertor-com-pompons\/","og_site_name":"Ana Valquaresma","article_publisher":"https:\/\/www.facebook.com\/ana.cristina.valquaresma?locale=pt_PT","article_modified_time":"2024-05-09T09:43:40+00:00","og_image":[{"width":1200,"height":900,"url":"https:\/\/anavalquaresma.com\/wp-content\/uploads\/2024\/03\/1-destaque-cobertor-com-pompons.jpg","type":"image\/jpeg"}],"twitter_card":"summary_large_image","schema":{"@context":"https:\/\/schema.org","@graph":[{"@type":"WebPage","@id":"https:\/\/anavalquaresma.com\/en\/produto\/cobertor-com-pompons\/","url":"https:\/\/anavalquaresma.com\/en\/produto\/cobertor-com-pompons\/","name":"Cobertor com pompons - Ana Valquaresma","isPartOf":{"@id":"https:\/\/anavalquaresma.com\/en\/#website"},"primaryImageOfPage":{"@id":"https:\/\/anavalquaresma.com\/en\/produto\/cobertor-com-pompons\/#primaryimage"},"image":{"@id":"https:\/\/anavalquaresma.com\/en\/produto\/cobertor-com-pompons\/#primaryimage"},"thumbnailUrl":"https:\/\/anavalquaresma.com\/wp-content\/uploads\/2024\/03\/1-destaque-cobertor-com-pompons.jpg","datePublished":"2024-03-28T10:14:37+00:00","dateModified":"2024-05-09T09:43:40+00:00","breadcrumb":{"@id":"https:\/\/anavalquaresma.com\/en\/produto\/cobertor-com-pompons\/#breadcrumb"},"inLanguage":"en-US","potentialAction":[{"@type":"ReadAction","target":["https:\/\/anavalquaresma.com\/en\/produto\/cobertor-com-pompons\/"]}]},{"@type":"ImageObject","inLanguage":"en-US","@id":"https:\/\/anavalquaresma.com\/en\/produto\/cobertor-com-pompons\/#primaryimage","url":"https:\/\/anavalquaresma.com\/wp-content\/uploads\/2024\/03\/1-destaque-cobertor-com-pompons.jpg","contentUrl":"https:\/\/anavalquaresma.com\/wp-content\/uploads\/2024\/03\/1-destaque-cobertor-com-pompons.jpg","width":1200,"height":900},{"@type":"BreadcrumbList","@id":"https:\/\/anavalquaresma.com\/en\/produto\/cobertor-com-pompons\/#breadcrumb","itemListElement":[{"@type":"ListItem","position":1,"name":"In\u00edcio","item":"https:\/\/anavalquaresma.com\/en\/"},{"@type":"ListItem","position":2,"name":"Products","item":"https:\/\/anavalquaresma.com\/en\/shop\/"},{"@type":"ListItem","position":3,"name":"Cobertor com pompons"}]},{"@type":"WebSite","@id":"https:\/\/anavalquaresma.com\/en\/#website","url":"https:\/\/anavalquaresma.com\/en\/","name":"Ana Valquaresma","description":"","publisher":{"@id":"https:\/\/anavalquaresma.com\/en\/#\/schema\/person\/06bdaa789d09d17b3daa2414d9b41ed0"},"potentialAction":[{"@type":"SearchAction","target":{"@type":"EntryPoint","urlTemplate":"https:\/\/anavalquaresma.com\/en\/?s={search_term_string}"},"query-input":{"@type":"PropertyValueSpecification","valueRequired":true,"valueName":"search_term_string"}}],"inLanguage":"en-US"},{"@type":["Person","Organization"],"@id":"https:\/\/anavalquaresma.com\/en\/#\/schema\/person\/06bdaa789d09d17b3daa2414d9b41ed0","name":"Ana Valquaresma","image":{"@type":"ImageObject","inLanguage":"en-US","@id":"https:\/\/anavalquaresma.com\/en\/#\/schema\/person\/image\/","url":"https:\/\/anavalquaresma.com\/wp-content\/uploads\/2023\/09\/valquaresma-logo-black.png","contentUrl":"https:\/\/anavalquaresma.com\/wp-content\/uploads\/2023\/09\/valquaresma-logo-black.png","width":149,"height":50,"caption":"Ana Valquaresma"},"logo":{"@id":"https:\/\/anavalquaresma.com\/en\/#\/schema\/person\/image\/"},"sameAs":["https:\/\/www.facebook.com\/ana.cristina.valquaresma?locale=pt_PT","https:\/\/www.instagram.com\/ana.cristina.valquaresma\/"]}]}},"_links":{"self":[{"href":"https:\/\/anavalquaresma.com\/en\/wp-json\/wp\/v2\/product\/692","targetHints":{"allow":["GET"]}}],"collection":[{"href":"https:\/\/anavalquaresma.com\/en\/wp-json\/wp\/v2\/product"}],"about":[{"href":"https:\/\/anavalquaresma.com\/en\/wp-json\/wp\/v2\/types\/product"}],"wp:featuredmedia":[{"embeddable":true,"href":"https:\/\/anavalquaresma.com\/en\/wp-json\/wp\/v2\/media\/1265"}],"wp:attachment":[{"href":"https:\/\/anavalquaresma.com\/en\/wp-json\/wp\/v2\/media?parent=692"}],"wp:term":[{"taxonomy":"product_cat","embeddable":true,"href":"https:\/\/anavalquaresma.com\/en\/wp-json\/wp\/v2\/product_cat?post=692"},{"taxonomy":"product_tag","embeddable":true,"href":"https:\/\/anavalquaresma.com\/en\/wp-json\/wp\/v2\/product_tag?post=692"}],"curies":[{"name":"wp","href":"https:\/\/api.w.org\/{rel}","templated":true}]}}